{"id":1071,"date":"2020-09-28T17:00:59","date_gmt":"2020-09-28T14:00:59","guid":{"rendered":"https:\/\/shop.hator.gg\/?page_id=1071"},"modified":"2022-09-05T18:06:13","modified_gmt":"2022-09-05T15:06:13","slug":"public-offer-agreement","status":"publish","type":"page","link":"https:\/\/shop.hator.gg\/de\/public-offer-agreement\/","title":{"rendered":"Datenschutzpolitik"},"content":{"rendered":"\n<div class=\"otherPages mt-4\">\n    <h3>Allgemeine Bestimmungen<\/h3>\n    <p>1.1 Dieses Angebot ist ein offizielles Angebot von Elprofi GmbH, im Folgenden &#8220;Verk\u00e4ufer&#8221; genannt, zum Abschluss des Warenkaufvertrags im Fernabsatz, d.h. \u00fcber den Online-Shop, im Folgenden &#8220;Vertrag&#8221; genannt, und stellt das \u00f6ffentliche Angebot (Angebot) auf die offizielle Website des Verk\u00e4ufers \u00abhttps:\/\/shop.hator.gg\u00bb.\n    <\/p>\n    <p>1.2 Als Zeitpunkt der vollst\u00e4ndigen und bedingungslosen Annahme des Angebots des Verk\u00e4ufers (Akzeptes) zum Abschluss eines elektronischen Warenkaufvertrags durch den K\u00e4ufer gilt die Bezahlung der Bestellung durch den K\u00e4ufer zu den Bedingungen des vorliegenden Vertrags, zu den auf der Website des Verk\u00e4ufers angegebenen Fristen und Preisen.<\/p>\n\n    <h3>Vertragsgegenstand<\/h3>\n    <p>2.1 Der Verk\u00e4ufer verpflichtet sich, die Waren in den Besitz des K\u00e4ufers zu \u00fcberf\u00fchren, und der K\u00e4ufer verpflichtet sich, die Waren zu den Bedingungen dieses Vertrages zu bezahlen und abzunehmen.<\/p>\n    <p>Dieser Vertrag regelt den Kauf und Verkauf von Waren im Online Shop, einschlie\u00dflich:<\/p>\n    <ul>\n        <li>die freiwillige Auswahl von Waren durch den K\u00e4ufer im Online-Shop;<\/li>\n        <li>die eigene Bestellung durch den K\u00e4ufer im Online-Shop;<\/li>\n        <li>die Zahlung der Bestellung durch den K\u00e4ufer im Online-Shop;<\/li>\n        <li>Bearbeitung und Lieferung der Bestellung an den K\u00e4ufer gem\u00e4\u00df den Bedingungen dieses Vertrags.<\/li>\n    <\/ul>\n\n    <h3>Bestellverfahren<\/h3>\n    <p>3.1 Der K\u00e4ufer ist berechtigt, eine Bestellung f\u00fcr jeden auf der Website des Online-Shops verf\u00fcgbaren Artikel aufzugeben.<\/p>\n    <p>3.2 Jeder Artikel kann in jeder beliebigen Menge bestellt werden.<\/p>\n    <p>3.3 Falls das Produkt nicht mehr vorr\u00e4tig ist, muss der Manager des Unternehmens den K\u00e4ufer dar\u00fcber informieren (per Telefon oder E-Mail).<\/p>\n    <p>3.4 Falls die Ware nicht mehr vorr\u00e4tig ist, hat der K\u00e4ufer das Recht, sie durch ein \u00e4hnliches Modell zu ersetzen, dieses Produkt abzulehnen oder die Bestellung zu stornieren.<\/p>\n\n    <h3>Zahlungsverfahren f\u00fcr die Bestellung<\/h3>\n    <p><b>Vorauszahlung<\/b><\/p>\n    <p>4.1 Die Bezahlung der Bestellungen erfolgt \u00fcber das elektronische Zahlungssystem LiqPay.<\/p>\n\n    <h3>Lieferbedingungen<\/h3>\n    <p>5.1 Die Lieferung der im Online-Shop gekauften Waren erfolgt an die Lager der Transportunternehmen, an die die Bestellungen aufgegeben werden.<\/p>\n    <p>5.2 Zusammen mit der Bestellung erh\u00e4lt der K\u00e4ufer die Dokumente, die der Gesetzgebung der Ukraine entsprechen.<\/p>\n\n    <h3>Rechte und Pflichten der Parteien:<\/h3>\n    <p>6.1 Der Verk\u00e4ufer ist berechtigt:<\/p>\n    <ul>\n      <li>die Erbringung von Dienstleistungen im Rahmen dieses Vertrags einseitig zu beenden, wenn der K\u00e4ufer gegen die Bedingungen dieses Vertrags verst\u00f6\u00dft.<\/li>\n    <\/ul>\n    <p>6.2 Der K\u00e4ufer ist verpflichtet:<\/p>\n    <ul>\n      <li>rechtzeitig gem\u00e4\u00df den Bedingungen dieses Vertrages zu bezahlen und Auftr\u00e4ge zu erhalten.<\/li>\n    <\/ul>\n    <p>6.3 Der K\u00e4ufer ist berechtigt:<\/p>\n    <ul>\n        <li>eine Bestellung im Online-Shop aufgeben;<\/li>\n        <li>einen elektronischen Vertrag abschlie\u00dfen;<\/li>\n        <li>zu verlangen, dass der Verk\u00e4ufer die Bedingungen dieses Vertrags erf\u00fcllt.<\/li>\n    <\/ul>\n\n    <h3>Haftung der Parteien<\/h3>\n    <p>7.1 Die Parteien haften f\u00fcr die Nichterf\u00fcllung oder nichtgeh\u00f6rige Erf\u00fcllung der Bedingungen dieses Vertrages in der durch diesen Vertrag und die geltenden Gesetzgebungen der Ukraine vorgeschriebenen Weise.<\/p>\n    <p>7.2 Der Verk\u00e4ufer \u00fcbernimmt keine Haftung f\u00fcr:<\/p>\n    <ul>\n        <li>das vom Hersteller ver\u00e4nderte Aussehen der Waren;<\/li>\n        <li>geringf\u00fcgige Farbabweichungen der Waren, die ausschlie\u00dflich aufgrund der unterschiedlichen Farbwiedergabe der Monitore von PCs der einzelnen Modelle von den Originalwaren abweichen k\u00f6nnen;<\/li>\n        <li>den Inhalt und die Wahrhaftigkeit der vom K\u00e4ufer bei der Bestellung gemachten Angaben;<\/li>\n        <li>Verz\u00f6gerungen und Unterbrechungen bei der Erbringung der Dienstleistungen (Bearbeitung der Bestellung und Lieferung der Waren), die auf Gr\u00fcnde zur\u00fcckzuf\u00fchren sind, die au\u00dferhalb ihrer Kontrolle liegen;<\/li>\n        <li>rechtswidrige Handlungen, die der K\u00e4ufer \u00fcber diesen Zugang zum Internet vornimmt;<\/li>\n        <li>die Weitergabe seiner Netzkennungen &#8211; IP, MAC-Adresse, Benutzername und Passwort &#8211; durch den K\u00e4ufer an Dritte;<\/li>\n    <\/ul>\n    <p>7.3 Der K\u00e4ufer \u00fcbernimmt die Haftung f\u00fcr den Schaden, den er durch seine Handlungen (pers\u00f6nlich, auch wenn eine andere Person seinen Benutzernamen verwendet hat) an Personen oder deren Eigentum, juristischen Personen, dem Staat oder der Sittlichkeit verursacht, indem er den ihm gew\u00e4hrten Internetzugang nutzt.<\/p>\n    <p>7.4 Im Falle h\u00f6herer Gewalt sind die Parteien von der Erf\u00fcllung dieses Vertrages befreit. F\u00fcr die Zwecke dieses Vertrags gelten als h\u00f6here Gewalt Ereignisse au\u00dfergew\u00f6hnlicher, unvorhersehbarer Art, die die Erf\u00fcllung dieses Vertrags verhindern oder objektiv erschweren und deren Eintritt die Vertragsparteien nicht vorhersehen und mit zumutbaren Mitteln verhindern konnten.<\/p>\n    <p>7.5 Die Parteien bem\u00fchen sich nach besten Kr\u00e4ften, Meinungsverschiedenheiten ausschlie\u00dflich auf dem Verhandlungswege zu l\u00f6sen.<\/p>\n\n    <h3>Verfahren f\u00fcr die R\u00fccksendung von Waren angemessener Qualit\u00e4t<\/h3>\n    <p>8.1. Die Warenr\u00fccksendung an den Online-Shop erfolgt entsprechend der geltenden Gesetzgebung der Ukraine.<\/p>\n    <p>8.2 Die Warenr\u00fccksendung an den Online-Shop erfolgt auf Kosten des K\u00e4ufers.<\/p>\n    <p>8.3 Wenn der K\u00e4ufer die Ware angemessener Qualit\u00e4t zur\u00fcckgibt, erstattet der Online-Shop den f\u00fcr das zur\u00fcckgegebene Produkt gezahlten Geldbetrag nach Abzug der Kosten des Online-Shops f\u00fcr die<\/p> <p>Warenlieferung an den K\u00e4ufer.<\/p>\n\n    <h3>Vertragsdauer<\/h3>\n    <p>9.1 Ein elektronischer Vertrag gilt in dem Moment als abgeschlossen, in dem die Person, die den Vorschlag zum Abschluss eines solchen Vertrags unterbreitet hat, eine Antwort erh\u00e4lt, in der die Annahme dieses Vorschlags in der im sechsten Absatz des Artikels 11 des Gesetzes der Ukraine &#8220;\u00dcber den elektronischen Gesch\u00e4ftsverkehr&#8221; vorgeschriebenen Weise best\u00e4tigt wird.<\/p>\n    <p>9.2 Vor dem Ablaufdatum kann dieser Vertrag im gegenseitigen Einvernehmen der Parteien vor der tats\u00e4chlichen Lieferung der Waren durch Erstattung aufgel\u00f6st werden.<\/p>\n    <p>9.3 Die Parteien sind berechtigt, den Vertrag einseitig zu k\u00fcndigen, wenn eine der Vertragsparteien ihren Verpflichtungen nicht nachkommt und in den F\u00e4llen, die in der geltenden Gesetzgebung der Ukraine vorgesehen sind.<\/p>\n  <\/div>\n","protected":false},"excerpt":{"rendered":"Allgemeine Bestimmungen 1.1 Dieses Angebot ist ein offizielles Angebot von Elprofi GmbH, im Folgenden &#8220;Verk\u00e4ufer&#8221; genannt, zum Abschluss des Warenkaufvertrags im Fernabsatz, d.h. \u00fcber den Online-Shop, im Folgenden &#8220;Vertrag&#8221; genannt, und stellt das \u00f6ffentliche Angebot (Angebot) auf die offizielle Website des Verk\u00e4ufers \u00abhttps:\/\/shop.hator.gg\u00bb. 1.2 Als Zeitpunkt der vollst\u00e4ndigen und bedingungslosen Annahme des Angebots des Verk\u00e4ufers [&hellip;]","protected":false},"author":1,"featured_media":0,"parent":0,"menu_order":0,"comment_status":"closed","ping_status":"closed","template":"","meta":[],"translation":{"provider":"WPGlobus","version":"2.5.11","language":"de","enabled_languages":["en","ua","de","pl"],"languages":{"en":{"title":true,"content":true,"excerpt":false},"ua":{"title":true,"content":true,"excerpt":false},"de":{"title":true,"content":true,"excerpt":false},"pl":{"title":true,"content":true,"excerpt":false}}},"aioseo_notices":[],"_links":{"self":[{"href":"https:\/\/shop.hator.gg\/de\/wp-json\/wp\/v2\/pages\/1071"}],"collection":[{"href":"https:\/\/shop.hator.gg\/de\/wp-json\/wp\/v2\/pages"}],"about":[{"href":"https:\/\/shop.hator.gg\/de\/wp-json\/wp\/v2\/types\/page"}],"author":[{"embeddable":true,"href":"https:\/\/shop.hator.gg\/de\/wp-json\/wp\/v2\/users\/1"}],"replies":[{"embeddable":true,"href":"https:\/\/shop.hator.gg\/de\/wp-json\/wp\/v2\/comments?post=1071"}],"version-history":[{"count":27,"href":"https:\/\/shop.hator.gg\/de\/wp-json\/wp\/v2\/pages\/1071\/revisions"}],"predecessor-version":[{"id":17546,"href":"https:\/\/shop.hator.gg\/de\/wp-json\/wp\/v2\/pages\/1071\/revisions\/17546"}],"wp:attachment":[{"href":"https:\/\/shop.hator.gg\/de\/wp-json\/wp\/v2\/media?parent=1071"}],"curies":[{"name":"wp","href":"https:\/\/api.w.org\/{rel}","templated":true}]}}